{"id":21,"date":"2020-01-15T15:43:42","date_gmt":"2020-01-15T15:43:42","guid":{"rendered":"https:\/\/erabliereduruisseau.ca\/en\/?page_id=21"},"modified":"2026-01-22T20:03:11","modified_gmt":"2026-01-22T20:03:11","slug":"contact","status":"publish","type":"page","link":"https:\/\/erabliereduruisseau.ca\/en\/contact\/","title":{"rendered":"CONTACT"},"content":{"rendered":"\n<h1>\n\t\tTO CONTACT US\n\t<\/h1>\n<h3>\n\t\tOUR CONTACT INFORMATION\n\t<\/h3>\n\t<strong> L&#8217;\u00c9rabli\u00e8re du Ruisseau<\/strong><br \/>\n38, chemin du Ruisseau Nord<br \/>\nCoteau-du-Lac, Qu\u00e9bec J0P 1B0\n<h3>\n\t\tOUR SERVICE HOURS\n\t<\/h3>\n\t<p><strong>PRIORITY TO RESERVATIONS, PLEASE CONTACT US.<\/strong> <\/p>\n<p>We do not serve meals on Sunday evenings except Easter Sunday.<\/p>\n<h3>\n\t\tDON&#8217;T FORGET TO BOOK\n\t<\/h3>\n<h2>\n\t\t<a href=\"tel:+14504563916\" title=\"450-456-3916\" target=\"_self\" rel=\"noopener\">\n\t\t450-456-3916\n\t\t<\/a>\n\t<\/h2>\n<h3>\n\t\tQUESTIONS AND\/OR COMMENTS\n\t<\/h3>\n\t<p>Whether it is to ask us a question or simply to send us your comments, we will always be happy to talk to you. You can communicate with us via the online form below or by contacting us at <a href=\"tel:+1450456-3916\"><strong>450-456-3916.<\/strong><\/a><\/p>\n\t<iframe src=\"https:\/\/www.google.com\/maps\/embed\/v1\/place?q=L%27%C3%89rabli%C3%A8re+du+Ruisseau%3Cbr+%2F%3E38+chemin+du+Ruisseau+Nord%E2%80%A8Coteau-du-Lac%E2%80%A8Qu%C3%A9bec%2C+J0P+1B0&#038;key=AIzaSyD09zQ9PNDNNy9TadMuzRV_UsPUoWKntt8\" aria-hidden=\"true\" title=\"L'\u00c9rabli\u00e8re Du Ruisseau\"><\/iframe>\n\n","protected":false},"excerpt":{"rendered":"<p>TO CONTACT US OUR CONTACT INFORMATION L&#8217;\u00c9rabli\u00e8re du Ruisseau 38, chemin du Ruisseau Nord Coteau-du-Lac, Qu\u00e9bec J0P 1B0 OUR SERVICE HOURS PRIORITY TO RESERVATIONS, PLEASE CONTACT US. We do not serve meals on Sunday evenings except Easter Sunday. DON&#8217;T FORGET TO BOOK 450-456-3916 QUESTIONS AND\/OR COMMENTS Whether it is to ask us a question or&hellip;<\/p>\n","protected":false},"author":1,"featured_media":0,"parent":0,"menu_order":0,"comment_status":"closed","ping_status":"closed","template":"","meta":{"footnotes":""},"class_list":["post-21","page","type-page","status-publish","hentry"],"_links":{"self":[{"href":"https:\/\/erabliereduruisseau.ca\/en\/wp-json\/wp\/v2\/pages\/21","targetHints":{"allow":["GET"]}}],"collection":[{"href":"https:\/\/erabliereduruisseau.ca\/en\/wp-json\/wp\/v2\/pages"}],"about":[{"href":"https:\/\/erabliereduruisseau.ca\/en\/wp-json\/wp\/v2\/types\/page"}],"author":[{"embeddable":true,"href":"https:\/\/erabliereduruisseau.ca\/en\/wp-json\/wp\/v2\/users\/1"}],"replies":[{"embeddable":true,"href":"https:\/\/erabliereduruisseau.ca\/en\/wp-json\/wp\/v2\/comments?post=21"}],"version-history":[{"count":5,"href":"https:\/\/erabliereduruisseau.ca\/en\/wp-json\/wp\/v2\/pages\/21\/revisions"}],"predecessor-version":[{"id":237,"href":"https:\/\/erabliereduruisseau.ca\/en\/wp-json\/wp\/v2\/pages\/21\/revisions\/237"}],"wp:attachment":[{"href":"https:\/\/erabliereduruisseau.ca\/en\/wp-json\/wp\/v2\/media?parent=21"}],"curies":[{"name":"wp","href":"https:\/\/api.w.org\/{rel}","templated":true}]}}