{"id":19,"date":"2020-01-15T15:43:31","date_gmt":"2020-01-15T15:43:31","guid":{"rendered":"https:\/\/erabliereduruisseau.ca\/en\/?page_id=19"},"modified":"2026-01-22T20:03:11","modified_gmt":"2026-01-22T20:03:11","slug":"gallery","status":"publish","type":"page","link":"https:\/\/erabliereduruisseau.ca\/en\/gallery\/","title":{"rendered":"GALLERY"},"content":{"rendered":"\n\n\t\t\t\t<img decoding=\"async\" src=\"https:\/\/erabliereduruisseau.ca\/wp-content\/uploads\/2019\/11\/logo-erabliere-du-ruisseau-2019-1024x858.png\" alt=\"logo-erabliere-du-ruisseau-2019\" itemprop=\"image\" title=\"logo-erabliere-du-ruisseau-2019\" onerror=\"this.style.display='none'\"  \/>\n<h2>\n\t\tOUR PHOTO GALLERY\n\t<\/h2>\n\t<h3>TO MAKE A RESERVATION<br \/>\n<a href=\"tel:+14504563916\"><strong>450-456-3916<\/strong><\/a><\/h3>\n<h3>\n\t\tOUR CUSTOMER TESTIMONIALS\n\t<\/h3>\n<h3>\n\t\tREAD THE COMMENTS LEFT BY OUR CUSTOMERS\n\t<\/h3>\n\t\t\t<p><strong>&#8220;Service rapide, bonne bouffe, la tire est excellente et le personnel accueillant! Je recommande!&#8221;<\/strong><strong>-NICOLE THAUVETTE-GAREAU<\/strong>Le 8 avril 2019 sur Facebook<\/p>\t\t\n\t\t\t<p><strong>&#8220;Tr\u00e8s bel endroit, accueillant et tr\u00e8s bien tenue. Excellente nourriture! C&#8217;est \u00e0 essayer!&#8221;<\/strong><br \/><strong>-LISE G. LAUZON<\/strong><br \/>Le 7 avril 2019 sur Facebook<\/p><br \/>\t\t\n\t\t\t<p><strong>&#8220;Lieu chic, propre et belle ambiance, repas d\u00e9licieux, service exceptionnel, je vais y retourner assur\u00e9ment.&#8221;<br \/>Ambiance branch\u00e9e | Plats excellents | D\u00e9licieux menus | Options sant\u00e9<\/strong><strong>-MARISE LEVASSEUR<\/strong>Le 23 mars 2019 sur Facebook<\/p>\t\t\n\t\t\t<p><strong>&#8220;Je recommande cette cabane \u00e0 sucre pour son activit\u00e9 familiale et son professionnalisme, pour son service et son bon go\u00fbt!!! \u00c0 y retourner assur\u00e9ment!!!&#8221;<\/strong><strong>-ST\u00c9PHANIE MASSE<\/strong>Le 4 f\u00e9vrier 2019 sur Facebook<\/p>\t\t\n\t\t\t<p><strong>&#8220;Super belle place qui me redonne le go\u00fbt des cabanes \u00e0 sucre que j&#8217;avais perdu! Tout \u00e9tait bon!&#8221;<\/strong><strong>-EMILIE DUROCHER<\/strong>Le 18 mars 2018 sur Facebook<\/p>\t\t\n\t\t\t\t<img decoding=\"async\" src=\"https:\/\/erabliereduruisseau.ca\/wp-content\/uploads\/2019\/11\/logo-ligne-260x75_erabliere-du-ruisseau-2019.png\" alt=\"logo-ligne-260x75_erabliere-du-ruisseau-2019\" itemprop=\"image\" title=\"logo-ligne-260x75_erabliere-du-ruisseau-2019\" onerror=\"this.style.display='none'\"  \/>\n\t<p>38, chemin du Ruisseau Nord<br \/>Coteau-du-Lac\u2028 Qu\u00e9bec J0P 1B0<\/p>\n<p><a href=\"tel:+14504563916\"><strong>T. 450 456-3916<\/strong><\/a><\/p>\n<h4>\n\t\tWHERE TO FIND US\n\t<\/h4>\n\t<iframe src=\"https:\/\/www.google.com\/maps\/embed\/v1\/place?q=L%27%C3%89rabli%C3%A8re+du+Ruisseau%3Cbr+%2F%3E38+chemin+du+Ruisseau+Nord%E2%80%A8%3Cbr+%2F%3ECoteau-du-Lac%2C+%E2%80%A8Qu%C3%A9bec%2C+J0P+1B0&#038;key=AIzaSyD09zQ9PNDNNy9TadMuzRV_UsPUoWKntt8\" aria-hidden=\"true\"><\/iframe>\n<h4>\n\t\tOUR SERVICE HOURS\n\t<\/h4>\n\t<p><strong>We are only open by reservation, contact us for availability.<\/strong><\/p>\n<p>We do not serve meals on Sunday evenings except Easter Sunday.<\/p>\n\n","protected":false},"excerpt":{"rendered":"<p>OUR PHOTO GALLERY TO MAKE A RESERVATION 450-456-3916 OUR CUSTOMER TESTIMONIALS READ THE COMMENTS LEFT BY OUR CUSTOMERS &#8220;Service rapide, bonne bouffe, la tire est excellente et le personnel accueillant! Je recommande!&#8221;-NICOLE THAUVETTE-GAREAULe 8 avril 2019 sur Facebook &#8220;Tr\u00e8s bel endroit, accueillant et tr\u00e8s bien tenue. Excellente nourriture! C&#8217;est \u00e0 essayer!&#8221;-LISE G. LAUZONLe 7 avril&hellip;<\/p>\n","protected":false},"author":1,"featured_media":0,"parent":0,"menu_order":0,"comment_status":"closed","ping_status":"closed","template":"","meta":{"footnotes":""},"class_list":["post-19","page","type-page","status-publish","hentry"],"_links":{"self":[{"href":"https:\/\/erabliereduruisseau.ca\/en\/wp-json\/wp\/v2\/pages\/19","targetHints":{"allow":["GET"]}}],"collection":[{"href":"https:\/\/erabliereduruisseau.ca\/en\/wp-json\/wp\/v2\/pages"}],"about":[{"href":"https:\/\/erabliereduruisseau.ca\/en\/wp-json\/wp\/v2\/types\/page"}],"author":[{"embeddable":true,"href":"https:\/\/erabliereduruisseau.ca\/en\/wp-json\/wp\/v2\/users\/1"}],"replies":[{"embeddable":true,"href":"https:\/\/erabliereduruisseau.ca\/en\/wp-json\/wp\/v2\/comments?post=19"}],"version-history":[{"count":4,"href":"https:\/\/erabliereduruisseau.ca\/en\/wp-json\/wp\/v2\/pages\/19\/revisions"}],"predecessor-version":[{"id":228,"href":"https:\/\/erabliereduruisseau.ca\/en\/wp-json\/wp\/v2\/pages\/19\/revisions\/228"}],"wp:attachment":[{"href":"https:\/\/erabliereduruisseau.ca\/en\/wp-json\/wp\/v2\/media?parent=19"}],"curies":[{"name":"wp","href":"https:\/\/api.w.org\/{rel}","templated":true}]}}